{"id":826,"date":"2026-01-14T10:16:48","date_gmt":"2026-01-14T13:16:48","guid":{"rendered":"https:\/\/sircomp.com.br\/?page_id=826"},"modified":"2026-01-14T11:27:18","modified_gmt":"2026-01-14T14:27:18","slug":"bpo-financeiro","status":"publish","type":"page","link":"https:\/\/sircomp.com.br\/?page_id=826","title":{"rendered":"BPO Financeiro"},"content":{"rendered":"\t\t<div data-elementor-type=\"wp-page\" data-elementor-id=\"826\" class=\"elementor elementor-826\" data-elementor-settings=\"{&quot;ha_cmc_init_switcher&quot;:&quot;no&quot;}\">\n\t\t\t\t<div class=\"elementor-element elementor-element-1daa9e2b e-flex e-con-boxed wpr-particle-no wpr-jarallax-no wpr-parallax-no wpr-sticky-section-no e-con e-parent\" data-id=\"1daa9e2b\" data-element_type=\"container\" data-settings=\"{&quot;background_background&quot;:&quot;classic&quot;,&quot;_ha_eqh_enable&quot;:false}\">\n\t\t\t\t\t<div class=\"e-con-inner\">\n\t\t<div class=\"elementor-element elementor-element-24e4c4de e-con-full e-flex wpr-particle-no wpr-jarallax-no wpr-parallax-no wpr-sticky-section-no e-con e-child\" data-id=\"24e4c4de\" data-element_type=\"container\" data-settings=\"{&quot;background_background&quot;:&quot;classic&quot;,&quot;_ha_eqh_enable&quot;:false}\">\n\t\t\t\t<div class=\"elementor-element elementor-element-272c23e0 elementor-widget elementor-widget-spacer\" data-id=\"272c23e0\" data-element_type=\"widget\" data-widget_type=\"spacer.default\">\n\t\t\t\t<div class=\"elementor-widget-container\">\n\t\t\t<style>\/*! elementor - v3.21.0 - 25-04-2024 *\/\n.elementor-column .elementor-spacer-inner{height:var(--spacer-size)}.e-con{--container-widget-width:100%}.e-con-inner>.elementor-widget-spacer,.e-con>.elementor-widget-spacer{width:var(--container-widget-width,var(--spacer-size));--align-self:var(--container-widget-align-self,initial);--flex-shrink:0}.e-con-inner>.elementor-widget-spacer>.elementor-widget-container,.e-con>.elementor-widget-spacer>.elementor-widget-container{height:100%;width:100%}.e-con-inner>.elementor-widget-spacer>.elementor-widget-container>.elementor-spacer,.e-con>.elementor-widget-spacer>.elementor-widget-container>.elementor-spacer{height:100%}.e-con-inner>.elementor-widget-spacer>.elementor-widget-container>.elementor-spacer>.elementor-spacer-inner,.e-con>.elementor-widget-spacer>.elementor-widget-container>.elementor-spacer>.elementor-spacer-inner{height:var(--container-widget-height,var(--spacer-size))}.e-con-inner>.elementor-widget-spacer.elementor-widget-empty,.e-con>.elementor-widget-spacer.elementor-widget-empty{position:relative;min-height:22px;min-width:22px}.e-con-inner>.elementor-widget-spacer.elementor-widget-empty .elementor-widget-empty-icon,.e-con>.elementor-widget-spacer.elementor-widget-empty .elementor-widget-empty-icon{position:absolute;top:0;bottom:0;left:0;right:0;margin:auto;padding:0;width:22px;height:22px}<\/style>\t\t<div class=\"elementor-spacer\">\n\t\t\t<div class=\"elementor-spacer-inner\"><\/div>\n\t\t<\/div>\n\t\t\t\t<\/div>\n\t\t\t\t<\/div>\n\t\t\t\t<div class=\"elementor-element elementor-element-693e3941 ha-has-bg-overlay elementor-invisible elementor-widget elementor-widget-heading\" data-id=\"693e3941\" data-element_type=\"widget\" data-settings=\"{&quot;_animation&quot;:&quot;fadeInUp&quot;}\" data-widget_type=\"heading.default\">\n\t\t\t\t<div class=\"elementor-widget-container\">\n\t\t\t<style>\/*! elementor - v3.21.0 - 25-04-2024 *\/\n.elementor-heading-title{padding:0;margin:0;line-height:1}.elementor-widget-heading .elementor-heading-title[class*=elementor-size-]>a{color:inherit;font-size:inherit;line-height:inherit}.elementor-widget-heading .elementor-heading-title.elementor-size-small{font-size:15px}.elementor-widget-heading .elementor-heading-title.elementor-size-medium{font-size:19px}.elementor-widget-heading .elementor-heading-title.elementor-size-large{font-size:29px}.elementor-widget-heading .elementor-heading-title.elementor-size-xl{font-size:39px}.elementor-widget-heading .elementor-heading-title.elementor-size-xxl{font-size:59px}<\/style><h2 class=\"elementor-heading-title elementor-size-default\">BPO FINANCEIRO<\/h2>\t\t<\/div>\n\t\t\t\t<\/div>\n\t\t\t\t<div class=\"elementor-element elementor-element-45e0ad2d elementor-widget elementor-widget-spacer\" data-id=\"45e0ad2d\" data-element_type=\"widget\" data-widget_type=\"spacer.default\">\n\t\t\t\t<div class=\"elementor-widget-container\">\n\t\t\t\t\t<div class=\"elementor-spacer\">\n\t\t\t<div class=\"elementor-spacer-inner\"><\/div>\n\t\t<\/div>\n\t\t\t\t<\/div>\n\t\t\t\t<\/div>\n\t\t\t\t<\/div>\n\t\t<div class=\"elementor-element elementor-element-40adeed8 e-con-full e-flex wpr-particle-no wpr-jarallax-no wpr-parallax-no wpr-sticky-section-no e-con e-child\" data-id=\"40adeed8\" data-element_type=\"container\" data-settings=\"{&quot;background_background&quot;:&quot;classic&quot;,&quot;_ha_eqh_enable&quot;:false}\">\n\t\t\t\t<\/div>\n\t\t\t\t\t<\/div>\n\t\t\t\t<\/div>\n\t\t<div class=\"elementor-element elementor-element-99abc2b e-flex e-con-boxed wpr-particle-no wpr-jarallax-no wpr-parallax-no wpr-sticky-section-no e-con e-parent\" data-id=\"99abc2b\" data-element_type=\"container\" data-settings=\"{&quot;_ha_eqh_enable&quot;:false}\">\n\t\t\t\t\t<div class=\"e-con-inner\">\n\t\t\t\t<div class=\"elementor-element elementor-element-310db83 elementor-widget elementor-widget-html\" data-id=\"310db83\" data-element_type=\"widget\" data-widget_type=\"html.default\">\n\t\t\t\t<div class=\"elementor-widget-container\">\n\t\t\t<!-- In\u00edcio: Bot\u00e3o flutuante WhatsApp -->\r\n<a\r\n  id=\"whatsapp-fab\"\r\n  href=\"https:\/\/wa.me\/5519997263279\"\r\n  target=\"_blank\"\r\n  rel=\"noopener noreferrer\"\r\n  aria-label=\"Abrir conversa no WhatsApp\"\r\n>\r\n  <!-- \u00cdcone WhatsApp (SVG branco) -->\r\n  <svg viewBox=\"0 0 32 32\" width=\"28\" height=\"28\" aria-hidden=\"true\" focusable=\"false\">\r\n    <path fill=\"#ffffff\" d=\"M16 0C7.163 0 0 7.164 0 16c0 2.818.735 5.464 2.016 7.752L0 32l8.48-2.222C10.67 30.262 13.257 31 16 31c8.837 0 16-7.163 16-16S24.837 0 16 0zm0 29c-2.513 0-4.859-.77-6.797-2.088l-.487-.326-5.042 1.322 1.344-4.948-.317-.506A12.9 12.9 0 013 16c0-7.18 5.82-13 13-13s13 5.82 13 13-5.82 13-13 13zm6.406-9.59c-.349-.175-2.065-1.02-2.384-1.136-.319-.116-.551-.175-.783.116-.232.29-.898 1.136-1.101 1.368-.203.232-.406.261-.754.087-.348-.174-1.471-.542-2.802-1.727-1.035-.924-1.732-2.065-1.936-2.413-.203-.348-.022-.536.152-.711.156-.155.348-.406.522-.609.174-.203.232-.348.348-.58.116-.232.058-.435-.029-.61-.087-.174-.783-1.885-1.073-2.58-.29-.696-.58-.609-.783-.62l-.667-.013c-.232 0-.61.087-.928.435-.319.348-1.218 1.188-1.218 2.894s1.246 3.356 1.417 3.587c.174.232 2.454 3.875 5.946 5.433.831.362 1.479.58 1.984.754.833.265 1.59.228 2.189.139.667-.1 2.065-.843 2.357-1.657.29-.813.29-1.51.203-1.656-.087-.145-.319-.232-.667-.406z\"\/>\r\n  <\/svg>\r\n<\/a>\r\n\r\n<style>\r\n  \/* Estilo do bot\u00e3o flutuante *\/\r\n  #whatsapp-fab {\r\n    position: fixed;\r\n    right: 20px;\r\n    bottom: 20px;\r\n    width: 60px;\r\n    height: 60px;\r\n    background: #074a7b;\r\n    border-radius: 50%;\r\n    display: flex;\r\n    align-items: center;\r\n    justify-content: center;\r\n    text-decoration: none;\r\n    box-shadow: 0 6px 20px rgba(7, 74, 123, 0.3);\r\n    z-index: 9999;\r\n    transition: transform 0.2s ease, box-shadow 0.2s ease;\r\n  }\r\n\r\n  #whatsapp-fab:hover {\r\n    transform: translateY(-4px);\r\n    box-shadow: 0 10px 26px rgba(7, 74, 123, 0.4);\r\n  }\r\n\r\n  \/* Ajustes para telas pequenas *\/\r\n  @media (max-width: 480px) {\r\n    #whatsapp-fab {\r\n      width: 56px;\r\n      height: 56px;\r\n      right: 15px;\r\n      bottom: 15px;\r\n    }\r\n    #whatsapp-fab svg {\r\n      width: 26px;\r\n      height: 26px;\r\n    }\r\n  }\r\n<\/style>\r\n<!-- Fim: Bot\u00e3o flutuante WhatsApp -->\r\n\t\t<\/div>\n\t\t\t\t<\/div>\n\t\t\t\t\t<\/div>\n\t\t\t\t<\/div>\n\t\t<div class=\"elementor-element elementor-element-50edcc60 e-flex e-con-boxed wpr-particle-no wpr-jarallax-no wpr-parallax-no wpr-sticky-section-no elementor-invisible e-con e-parent\" data-id=\"50edcc60\" data-element_type=\"container\" data-settings=\"{&quot;animation&quot;:&quot;fadeInUp&quot;,&quot;_ha_eqh_enable&quot;:false}\">\n\t\t\t\t\t<div class=\"e-con-inner\">\n\t\t\t\t<div class=\"elementor-element elementor-element-7a49e510 elementor-widget elementor-widget-spacer\" data-id=\"7a49e510\" data-element_type=\"widget\" data-widget_type=\"spacer.default\">\n\t\t\t\t<div class=\"elementor-widget-container\">\n\t\t\t\t\t<div class=\"elementor-spacer\">\n\t\t\t<div class=\"elementor-spacer-inner\"><\/div>\n\t\t<\/div>\n\t\t\t\t<\/div>\n\t\t\t\t<\/div>\n\t\t\t\t<div class=\"elementor-element elementor-element-2f4d9ae8 elementor-widget elementor-widget-heading\" data-id=\"2f4d9ae8\" data-element_type=\"widget\" data-widget_type=\"heading.default\">\n\t\t\t\t<div class=\"elementor-widget-container\">\n\t\t\t<h2 class=\"elementor-heading-title elementor-size-default\">BPO Financeiro Estrat\u00e9gico<\/h2>\t\t<\/div>\n\t\t\t\t<\/div>\n\t\t\t\t<div class=\"elementor-element elementor-element-17527d6a elementor-widget elementor-widget-heading\" data-id=\"17527d6a\" data-element_type=\"widget\" data-widget_type=\"heading.default\">\n\t\t\t\t<div class=\"elementor-widget-container\">\n\t\t\t<h2 class=\"elementor-heading-title elementor-size-default\">Organiza\u00e7\u00e3o e seguran\u00e7a financeira<\/h2>\t\t<\/div>\n\t\t\t\t<\/div>\n\t\t\t\t<div class=\"elementor-element elementor-element-4531384a elementor-widget elementor-widget-text-editor\" data-id=\"4531384a\" data-element_type=\"widget\" data-widget_type=\"text-editor.default\">\n\t\t\t\t<div class=\"elementor-widget-container\">\n\t\t\t<style>\/*! elementor - v3.21.0 - 25-04-2024 *\/\n.elementor-widget-text-editor.elementor-drop-cap-view-stacked .elementor-drop-cap{background-color:#69727d;color:#fff}.elementor-widget-text-editor.elementor-drop-cap-view-framed .elementor-drop-cap{color:#69727d;border:3px solid;background-color:transparent}.elementor-widget-text-editor:not(.elementor-drop-cap-view-default) .elementor-drop-cap{margin-top:8px}.elementor-widget-text-editor:not(.elementor-drop-cap-view-default) .elementor-drop-cap-letter{width:1em;height:1em}.elementor-widget-text-editor .elementor-drop-cap{float:left;text-align:center;line-height:1;font-size:50px}.elementor-widget-text-editor .elementor-drop-cap-letter{display:inline-block}<\/style>\t\t\t\t<p>N\u00f3s da Sir.COMP oferecemos nosso servi\u00e7o de BPO Financeiro (Business Process Outsourcing), com a terceiriza\u00e7\u00e3o eficiente dos processos financeiros da empresa. Atuamos com foco na otimiza\u00e7\u00e3o de recursos, redu\u00e7\u00e3o de custos operacionais e acesso a profissionais especializados para uma gest\u00e3o financeira mais segura e estrat\u00e9gica.<\/p>\t\t\t\t\t\t<\/div>\n\t\t\t\t<\/div>\n\t\t\t\t<div class=\"elementor-element elementor-element-6faea5db elementor-widget elementor-widget-spacer\" data-id=\"6faea5db\" data-element_type=\"widget\" data-widget_type=\"spacer.default\">\n\t\t\t\t<div class=\"elementor-widget-container\">\n\t\t\t\t\t<div class=\"elementor-spacer\">\n\t\t\t<div class=\"elementor-spacer-inner\"><\/div>\n\t\t<\/div>\n\t\t\t\t<\/div>\n\t\t\t\t<\/div>\n\t\t\t\t\t<\/div>\n\t\t\t\t<\/div>\n\t\t<div class=\"elementor-element elementor-element-2541cf4e e-flex e-con-boxed wpr-particle-no wpr-jarallax-no wpr-parallax-no wpr-sticky-section-no e-con e-parent\" data-id=\"2541cf4e\" data-element_type=\"container\" data-settings=\"{&quot;_ha_eqh_enable&quot;:false}\">\n\t\t\t\t\t<div class=\"e-con-inner\">\n\t\t<div class=\"elementor-element elementor-element-4389aab2 e-con-full e-flex wpr-particle-no wpr-jarallax-no wpr-parallax-no wpr-sticky-section-no e-con e-child\" data-id=\"4389aab2\" data-element_type=\"container\" data-settings=\"{&quot;_ha_eqh_enable&quot;:false}\">\n\t\t\t\t<div class=\"elementor-element elementor-element-6b2ff9e2 elementor-invisible elementor-widget elementor-widget-image\" data-id=\"6b2ff9e2\" data-element_type=\"widget\" data-settings=\"{&quot;_animation&quot;:&quot;fadeInUp&quot;}\" data-widget_type=\"image.default\">\n\t\t\t\t<div class=\"elementor-widget-container\">\n\t\t\t<style>\/*! elementor - v3.21.0 - 25-04-2024 *\/\n.elementor-widget-image{text-align:center}.elementor-widget-image a{display:inline-block}.elementor-widget-image a img[src$=\".svg\"]{width:48px}.elementor-widget-image img{vertical-align:middle;display:inline-block}<\/style>\t\t\t\t\t\t\t\t\t\t<img fetchpriority=\"high\" decoding=\"async\" width=\"400\" height=\"600\" src=\"https:\/\/sircomp.com.br\/wp-content\/uploads\/2026\/01\/cards-bpo-servico-2.png\" class=\"attachment-large size-large wp-image-845\" alt=\"\" srcset=\"https:\/\/sircomp.com.br\/wp-content\/uploads\/2026\/01\/cards-bpo-servico-2.png 400w, https:\/\/sircomp.com.br\/wp-content\/uploads\/2026\/01\/cards-bpo-servico-2-200x300.png 200w\" sizes=\"(max-width: 400px) 100vw, 400px\" \/>\t\t\t\t\t\t\t\t\t\t\t\t\t<\/div>\n\t\t\t\t<\/div>\n\t\t\t\t<\/div>\n\t\t<div class=\"elementor-element elementor-element-32d9410f e-con-full e-flex wpr-particle-no wpr-jarallax-no wpr-parallax-no wpr-sticky-section-no e-con e-child\" data-id=\"32d9410f\" data-element_type=\"container\" data-settings=\"{&quot;_ha_eqh_enable&quot;:false}\">\n\t\t\t\t<div class=\"elementor-element elementor-element-14461ba2 elementor-invisible elementor-widget elementor-widget-image\" data-id=\"14461ba2\" data-element_type=\"widget\" data-settings=\"{&quot;_animation&quot;:&quot;fadeInUp&quot;}\" data-widget_type=\"image.default\">\n\t\t\t\t<div class=\"elementor-widget-container\">\n\t\t\t\t\t\t\t\t\t\t\t\t\t<img decoding=\"async\" width=\"400\" height=\"600\" src=\"https:\/\/sircomp.com.br\/wp-content\/uploads\/2026\/01\/cards-bpo-servico-3.png\" class=\"attachment-large size-large wp-image-846\" alt=\"\" srcset=\"https:\/\/sircomp.com.br\/wp-content\/uploads\/2026\/01\/cards-bpo-servico-3.png 400w, https:\/\/sircomp.com.br\/wp-content\/uploads\/2026\/01\/cards-bpo-servico-3-200x300.png 200w\" sizes=\"(max-width: 400px) 100vw, 400px\" \/>\t\t\t\t\t\t\t\t\t\t\t\t\t<\/div>\n\t\t\t\t<\/div>\n\t\t\t\t<\/div>\n\t\t<div class=\"elementor-element elementor-element-4f70a15b e-con-full e-flex wpr-particle-no wpr-jarallax-no wpr-parallax-no wpr-sticky-section-no e-con e-child\" data-id=\"4f70a15b\" data-element_type=\"container\" data-settings=\"{&quot;_ha_eqh_enable&quot;:false}\">\n\t\t\t\t<div class=\"elementor-element elementor-element-2bbd0ec6 elementor-invisible elementor-widget elementor-widget-image\" data-id=\"2bbd0ec6\" data-element_type=\"widget\" data-settings=\"{&quot;_animation&quot;:&quot;fadeInUp&quot;}\" data-widget_type=\"image.default\">\n\t\t\t\t<div class=\"elementor-widget-container\">\n\t\t\t\t\t\t\t\t\t\t\t\t\t<img decoding=\"async\" width=\"400\" height=\"600\" src=\"https:\/\/sircomp.com.br\/wp-content\/uploads\/2026\/01\/cards-bpo-servico-1.png\" class=\"attachment-large size-large wp-image-844\" alt=\"\" srcset=\"https:\/\/sircomp.com.br\/wp-content\/uploads\/2026\/01\/cards-bpo-servico-1.png 400w, https:\/\/sircomp.com.br\/wp-content\/uploads\/2026\/01\/cards-bpo-servico-1-200x300.png 200w\" sizes=\"(max-width: 400px) 100vw, 400px\" \/>\t\t\t\t\t\t\t\t\t\t\t\t\t<\/div>\n\t\t\t\t<\/div>\n\t\t\t\t<\/div>\n\t\t\t\t\t<\/div>\n\t\t\t\t<\/div>\n\t\t<div class=\"elementor-element elementor-element-18bd413 e-flex e-con-boxed wpr-particle-no wpr-jarallax-no wpr-parallax-no wpr-sticky-section-no e-con e-parent\" data-id=\"18bd413\" data-element_type=\"container\" data-settings=\"{&quot;_ha_eqh_enable&quot;:false}\">\n\t\t\t\t\t<div class=\"e-con-inner\">\n\t\t\t\t<div class=\"elementor-element elementor-element-9599a98 elementor-widget elementor-widget-spacer\" data-id=\"9599a98\" data-element_type=\"widget\" data-widget_type=\"spacer.default\">\n\t\t\t\t<div class=\"elementor-widget-container\">\n\t\t\t\t\t<div class=\"elementor-spacer\">\n\t\t\t<div class=\"elementor-spacer-inner\"><\/div>\n\t\t<\/div>\n\t\t\t\t<\/div>\n\t\t\t\t<\/div>\n\t\t\t\t\t<\/div>\n\t\t\t\t<\/div>\n\t\t\t\t<\/div>\n\t\t","protected":false},"excerpt":{"rendered":"<p>BPO FINANCEIRO BPO Financeiro Estrat\u00e9gico Organiza\u00e7\u00e3o e seguran\u00e7a financeira N\u00f3s da Sir.COMP oferecemos nosso servi\u00e7o de BPO Financeiro (Business Process Outsourcing), com a terceiriza\u00e7\u00e3o eficiente dos processos financeiros da empresa. Atuamos com foco na otimiza\u00e7\u00e3o de recursos, redu\u00e7\u00e3o de custos operacionais e acesso a profissionais especializados para uma gest\u00e3o financeira mais segura e estrat\u00e9gica.<\/p>\n","protected":false},"author":1,"featured_media":0,"parent":0,"menu_order":0,"comment_status":"closed","ping_status":"closed","template":"","meta":{"_monsterinsights_skip_tracking":false,"_monsterinsights_sitenote_active":false,"_monsterinsights_sitenote_note":"","_monsterinsights_sitenote_category":0,"site-sidebar-layout":"no-sidebar","site-content-layout":"","ast-site-content-layout":"full-width-container","site-content-style":"default","site-sidebar-style":"default","ast-global-header-display":"","ast-banner-title-visibility":"","ast-main-header-display":"","ast-hfb-above-header-display":"","ast-hfb-below-header-display":"","ast-hfb-mobile-header-display":"","site-post-title":"disabled","ast-breadcrumbs-content":"","ast-featured-img":"disabled","footer-sml-layout":"","theme-transparent-header-meta":"","adv-header-id-meta":"","stick-header-meta":"","header-above-stick-meta":"","header-main-stick-meta":"","header-below-stick-meta":"","astra-migrate-meta-layouts":"default","ast-page-background-enabled":"default","ast-page-background-meta":{"desktop":{"background-color":"var(--ast-global-color-5)","background-image":"","background-repeat":"repeat","background-position":"center center","background-size":"auto","background-attachment":"scroll","background-type":"","background-media":"","overlay-type":"","overlay-color":"","overlay-opacity":"","overlay-gradient":""},"tablet":{"background-color":"","background-image":"","background-repeat":"repeat","background-position":"center center","background-size":"auto","background-attachment":"scroll","background-type":"","background-media":"","overlay-type":"","overlay-color":"","overlay-opacity":"","overlay-gradient":""},"mobile":{"background-color":"","background-image":"","background-repeat":"repeat","background-position":"center center","background-size":"auto","background-attachment":"scroll","background-type":"","background-media":"","overlay-type":"","overlay-color":"","overlay-opacity":"","overlay-gradient":""}},"ast-content-background-meta":{"desktop":{"background-color":"var(--ast-global-color-4)","background-image":"","background-repeat":"repeat","background-position":"center center","background-size":"auto","background-attachment":"scroll","background-type":"","background-media":"","overlay-type":"","overlay-color":"","overlay-opacity":"","overlay-gradient":""},"tablet":{"background-color":"var(--ast-global-color-4)","background-image":"","background-repeat":"repeat","background-position":"center center","background-size":"auto","background-attachment":"scroll","background-type":"","background-media":"","overlay-type":"","overlay-color":"","overlay-opacity":"","overlay-gradient":""},"mobile":{"background-color":"var(--ast-global-color-4)","background-image":"","background-repeat":"repeat","background-position":"center center","background-size":"auto","background-attachment":"scroll","background-type":"","background-media":"","overlay-type":"","overlay-color":"","overlay-opacity":"","overlay-gradient":""}},"footnotes":""},"class_list":["post-826","page","type-page","status-publish","hentry"],"yoast_head":"<!-- This site is optimized with the Yoast SEO plugin v26.0 - https:\/\/yoast.com\/wordpress\/plugins\/seo\/ -->\n<title>BPO Financeiro -<\/title>\n<meta name=\"robots\" content=\"index, follow, max-snippet:-1, max-image-preview:large, max-video-preview:-1\" \/>\n<link rel=\"canonical\" href=\"https:\/\/sircomp.com.br\/?page_id=826\" \/>\n<meta property=\"og:locale\" content=\"en_US\" \/>\n<meta property=\"og:type\" content=\"article\" \/>\n<meta property=\"og:title\" content=\"BPO Financeiro -\" \/>\n<meta property=\"og:description\" content=\"BPO FINANCEIRO BPO Financeiro Estrat\u00e9gico Organiza\u00e7\u00e3o e seguran\u00e7a financeira N\u00f3s da Sir.COMP oferecemos nosso servi\u00e7o de BPO Financeiro (Business Process Outsourcing), com a terceiriza\u00e7\u00e3o eficiente dos processos financeiros da empresa. Atuamos com foco na otimiza\u00e7\u00e3o de recursos, redu\u00e7\u00e3o de custos operacionais e acesso a profissionais especializados para uma gest\u00e3o financeira mais segura e estrat\u00e9gica.\" \/>\n<meta property=\"og:url\" content=\"https:\/\/sircomp.com.br\/?page_id=826\" \/>\n<meta property=\"article:modified_time\" content=\"2026-01-14T14:27:18+00:00\" \/>\n<meta property=\"og:image\" content=\"http:\/\/sircomp.com.br\/wp-content\/uploads\/2026\/01\/cards-bpo-servico-2.png\" \/>\n<meta name=\"twitter:card\" content=\"summary_large_image\" \/>\n<meta name=\"twitter:label1\" content=\"Est. reading time\" \/>\n\t<meta name=\"twitter:data1\" content=\"1 minute\" \/>\n<script type=\"application\/ld+json\" class=\"yoast-schema-graph\">{\"@context\":\"https:\/\/schema.org\",\"@graph\":[{\"@type\":\"WebPage\",\"@id\":\"https:\/\/sircomp.com.br\/?page_id=826\",\"url\":\"https:\/\/sircomp.com.br\/?page_id=826\",\"name\":\"BPO Financeiro -\",\"isPartOf\":{\"@id\":\"https:\/\/sircomp.com.br\/#website\"},\"primaryImageOfPage\":{\"@id\":\"https:\/\/sircomp.com.br\/?page_id=826#primaryimage\"},\"image\":{\"@id\":\"https:\/\/sircomp.com.br\/?page_id=826#primaryimage\"},\"thumbnailUrl\":\"http:\/\/sircomp.com.br\/wp-content\/uploads\/2026\/01\/cards-bpo-servico-2.png\",\"datePublished\":\"2026-01-14T13:16:48+00:00\",\"dateModified\":\"2026-01-14T14:27:18+00:00\",\"breadcrumb\":{\"@id\":\"https:\/\/sircomp.com.br\/?page_id=826#breadcrumb\"},\"inLanguage\":\"en-US\",\"potentialAction\":[{\"@type\":\"ReadAction\",\"target\":[\"https:\/\/sircomp.com.br\/?page_id=826\"]}]},{\"@type\":\"ImageObject\",\"inLanguage\":\"en-US\",\"@id\":\"https:\/\/sircomp.com.br\/?page_id=826#primaryimage\",\"url\":\"https:\/\/sircomp.com.br\/wp-content\/uploads\/2026\/01\/cards-bpo-servico-2.png\",\"contentUrl\":\"https:\/\/sircomp.com.br\/wp-content\/uploads\/2026\/01\/cards-bpo-servico-2.png\",\"width\":400,\"height\":600},{\"@type\":\"BreadcrumbList\",\"@id\":\"https:\/\/sircomp.com.br\/?page_id=826#breadcrumb\",\"itemListElement\":[{\"@type\":\"ListItem\",\"position\":1,\"name\":\"In\u00edcio\",\"item\":\"https:\/\/sircomp.com.br\/\"},{\"@type\":\"ListItem\",\"position\":2,\"name\":\"BPO Financeiro\"}]},{\"@type\":\"WebSite\",\"@id\":\"https:\/\/sircomp.com.br\/#website\",\"url\":\"https:\/\/sircomp.com.br\/\",\"name\":\"\",\"description\":\"\",\"potentialAction\":[{\"@type\":\"SearchAction\",\"target\":{\"@type\":\"EntryPoint\",\"urlTemplate\":\"https:\/\/sircomp.com.br\/?s={search_term_string}\"},\"query-input\":{\"@type\":\"PropertyValueSpecification\",\"valueRequired\":true,\"valueName\":\"search_term_string\"}}],\"inLanguage\":\"en-US\"}]}<\/script>\n<!-- \/ Yoast SEO plugin. -->","yoast_head_json":{"title":"BPO Financeiro -","robots":{"index":"index","follow":"follow","max-snippet":"max-snippet:-1","max-image-preview":"max-image-preview:large","max-video-preview":"max-video-preview:-1"},"canonical":"https:\/\/sircomp.com.br\/?page_id=826","og_locale":"en_US","og_type":"article","og_title":"BPO Financeiro -","og_description":"BPO FINANCEIRO BPO Financeiro Estrat\u00e9gico Organiza\u00e7\u00e3o e seguran\u00e7a financeira N\u00f3s da Sir.COMP oferecemos nosso servi\u00e7o de BPO Financeiro (Business Process Outsourcing), com a terceiriza\u00e7\u00e3o eficiente dos processos financeiros da empresa. Atuamos com foco na otimiza\u00e7\u00e3o de recursos, redu\u00e7\u00e3o de custos operacionais e acesso a profissionais especializados para uma gest\u00e3o financeira mais segura e estrat\u00e9gica.","og_url":"https:\/\/sircomp.com.br\/?page_id=826","article_modified_time":"2026-01-14T14:27:18+00:00","og_image":[{"url":"http:\/\/sircomp.com.br\/wp-content\/uploads\/2026\/01\/cards-bpo-servico-2.png","type":"","width":"","height":""}],"twitter_card":"summary_large_image","twitter_misc":{"Est. reading time":"1 minute"},"schema":{"@context":"https:\/\/schema.org","@graph":[{"@type":"WebPage","@id":"https:\/\/sircomp.com.br\/?page_id=826","url":"https:\/\/sircomp.com.br\/?page_id=826","name":"BPO Financeiro -","isPartOf":{"@id":"https:\/\/sircomp.com.br\/#website"},"primaryImageOfPage":{"@id":"https:\/\/sircomp.com.br\/?page_id=826#primaryimage"},"image":{"@id":"https:\/\/sircomp.com.br\/?page_id=826#primaryimage"},"thumbnailUrl":"http:\/\/sircomp.com.br\/wp-content\/uploads\/2026\/01\/cards-bpo-servico-2.png","datePublished":"2026-01-14T13:16:48+00:00","dateModified":"2026-01-14T14:27:18+00:00","breadcrumb":{"@id":"https:\/\/sircomp.com.br\/?page_id=826#breadcrumb"},"inLanguage":"en-US","potentialAction":[{"@type":"ReadAction","target":["https:\/\/sircomp.com.br\/?page_id=826"]}]},{"@type":"ImageObject","inLanguage":"en-US","@id":"https:\/\/sircomp.com.br\/?page_id=826#primaryimage","url":"https:\/\/sircomp.com.br\/wp-content\/uploads\/2026\/01\/cards-bpo-servico-2.png","contentUrl":"https:\/\/sircomp.com.br\/wp-content\/uploads\/2026\/01\/cards-bpo-servico-2.png","width":400,"height":600},{"@type":"BreadcrumbList","@id":"https:\/\/sircomp.com.br\/?page_id=826#breadcrumb","itemListElement":[{"@type":"ListItem","position":1,"name":"In\u00edcio","item":"https:\/\/sircomp.com.br\/"},{"@type":"ListItem","position":2,"name":"BPO Financeiro"}]},{"@type":"WebSite","@id":"https:\/\/sircomp.com.br\/#website","url":"https:\/\/sircomp.com.br\/","name":"","description":"","potentialAction":[{"@type":"SearchAction","target":{"@type":"EntryPoint","urlTemplate":"https:\/\/sircomp.com.br\/?s={search_term_string}"},"query-input":{"@type":"PropertyValueSpecification","valueRequired":true,"valueName":"search_term_string"}}],"inLanguage":"en-US"}]}},"_links":{"self":[{"href":"https:\/\/sircomp.com.br\/index.php?rest_route=\/wp\/v2\/pages\/826","targetHints":{"allow":["GET"]}}],"collection":[{"href":"https:\/\/sircomp.com.br\/index.php?rest_route=\/wp\/v2\/pages"}],"about":[{"href":"https:\/\/sircomp.com.br\/index.php?rest_route=\/wp\/v2\/types\/page"}],"author":[{"embeddable":true,"href":"https:\/\/sircomp.com.br\/index.php?rest_route=\/wp\/v2\/users\/1"}],"replies":[{"embeddable":true,"href":"https:\/\/sircomp.com.br\/index.php?rest_route=%2Fwp%2Fv2%2Fcomments&post=826"}],"version-history":[{"count":16,"href":"https:\/\/sircomp.com.br\/index.php?rest_route=\/wp\/v2\/pages\/826\/revisions"}],"predecessor-version":[{"id":856,"href":"https:\/\/sircomp.com.br\/index.php?rest_route=\/wp\/v2\/pages\/826\/revisions\/856"}],"wp:attachment":[{"href":"https:\/\/sircomp.com.br\/index.php?rest_route=%2Fwp%2Fv2%2Fmedia&parent=826"}],"curies":[{"name":"wp","href":"https:\/\/api.w.org\/{rel}","templated":true}]}}